{"id":510,"date":"2023-10-22T02:05:15","date_gmt":"2023-10-22T00:05:15","guid":{"rendered":"https:\/\/locaux-vacants.org\/?page_id=510"},"modified":"2023-10-26T08:54:22","modified_gmt":"2023-10-26T06:54:22","slug":"les-affichettes","status":"publish","type":"page","link":"https:\/\/locaux-vacants.org\/?page_id=510","title":{"rendered":"Les affichettes"},"content":{"rendered":"\n<figure class=\"wp-block-image size-large\"><img loading=\"lazy\" decoding=\"async\" width=\"1024\" height=\"842\" src=\"https:\/\/locaux-vacants.org\/wp-content\/uploads\/2023\/10\/Locaux-Vacants-Street-View-Welch2-1024x842.jpg\" alt=\"\" class=\"wp-image-677\" srcset=\"https:\/\/locaux-vacants.org\/wp-content\/uploads\/2023\/10\/Locaux-Vacants-Street-View-Welch2-1024x842.jpg 1024w, https:\/\/locaux-vacants.org\/wp-content\/uploads\/2023\/10\/Locaux-Vacants-Street-View-Welch2-300x247.jpg 300w, https:\/\/locaux-vacants.org\/wp-content\/uploads\/2023\/10\/Locaux-Vacants-Street-View-Welch2-768x631.jpg 768w, https:\/\/locaux-vacants.org\/wp-content\/uploads\/2023\/10\/Locaux-Vacants-Street-View-Welch2-1536x1263.jpg 1536w, https:\/\/locaux-vacants.org\/wp-content\/uploads\/2023\/10\/Locaux-Vacants-Street-View-Welch2-830x682.jpg 830w, https:\/\/locaux-vacants.org\/wp-content\/uploads\/2023\/10\/Locaux-Vacants-Street-View-Welch2-600x493.jpg 600w, https:\/\/locaux-vacants.org\/wp-content\/uploads\/2023\/10\/Locaux-Vacants-Street-View-Welch2-547x450.jpg 547w, https:\/\/locaux-vacants.org\/wp-content\/uploads\/2023\/10\/Locaux-Vacants-Street-View-Welch2.jpg 1635w\" sizes=\"auto, (max-width: 1024px) 100vw, 1024px\" \/><\/figure>\n\n\n<\/p>\n\n\n<p>Une quinzaine d&rsquo;affichettes sont diss\u00e9min\u00e9es<em> <\/em><a href=\"https:\/\/www.google.com\/maps\/d\/viewer?ll=45.524366196453784%2C-73.6028090452711&amp;z=18&amp;mid=1Z3iopFbkFtDTksFlLms07Z8ylp80a4I\">tout le long du parcours<\/a>, elles retracent l\u2019\u00e9volution du paysage urbain du Mile-End \u00e0 partir des images de Google Street View produites entre 2007 et 2022. Ces images permettent de s\u2019\u00e9carter du paradigme fonctionnaliste de l\u2019image cartographique, elles permettent de ne pas donner au pass\u00e9 des allures d\u00e9finitives, de ne pas figer l\u2019interpr\u00e9tation en une image unique, achev\u00e9e et r\u00e9volue. C&rsquo;est une alternative pour explorer autrement l\u2019espace urbain en faisant valoir l\u2019imaginaire. Des prises de vue \u00e0 diff\u00e9rentes \u00e9poques offrent la possibilit\u00e9 de raconter l\u2019histoire d\u2019un lieu en actualisant le pass\u00e9 ; le fait g\u00e9ographique devient un fait humain. C\u2019est aussi une tentative de s\u2019\u00e9loigner de la \u00ab froideur \u00bb des donn\u00e9es en les connectant directement au lieu dont elles sont issues et aux acteurs qui les ont produites. Ces images soulignent la relation entre les donn\u00e9es num\u00e9riques et la r\u00e9alit\u00e9 sociale qu&rsquo;elles occultent, donnant voix \u00e0 des pr\u00e9occupations actuelles qui ravivent, po\u00e9tiquement et politiquement, les crises du pass\u00e9 inscrites \u00e0 m\u00eame le territoire urbain.<\/p>\n\n\n\n<figure class=\"wp-block-image size-large is-resized\"><img loading=\"lazy\" decoding=\"async\" width=\"622\" height=\"1024\" src=\"https:\/\/locaux-vacants.org\/wp-content\/uploads\/2023\/10\/Locaux-Vacants-Street-View-Garage-622x1024.jpg\" alt=\"\" class=\"wp-image-678\" style=\"aspect-ratio:0.607421875;width:659px;height:auto\" srcset=\"https:\/\/locaux-vacants.org\/wp-content\/uploads\/2023\/10\/Locaux-Vacants-Street-View-Garage-622x1024.jpg 622w, https:\/\/locaux-vacants.org\/wp-content\/uploads\/2023\/10\/Locaux-Vacants-Street-View-Garage-182x300.jpg 182w, https:\/\/locaux-vacants.org\/wp-content\/uploads\/2023\/10\/Locaux-Vacants-Street-View-Garage-768x1265.jpg 768w, https:\/\/locaux-vacants.org\/wp-content\/uploads\/2023\/10\/Locaux-Vacants-Street-View-Garage-600x988.jpg 600w, https:\/\/locaux-vacants.org\/wp-content\/uploads\/2023\/10\/Locaux-Vacants-Street-View-Garage-273x450.jpg 273w, https:\/\/locaux-vacants.org\/wp-content\/uploads\/2023\/10\/Locaux-Vacants-Street-View-Garage.jpg 816w\" sizes=\"auto, (max-width: 622px) 100vw, 622px\" \/><\/figure>\n\n\n<\/p>\n\n\n<p>Avec chaque affichette vient une des nombreuses lettres envoy\u00e9es par des citoyens \u00e0 la ville de Montr\u00e9al pour proposer des recommandations lors de la consultation publique sur la probl\u00e9matique des locaux vacants sur les art\u00e8res commerciales.<\/p>\n\n\n\n<figure class=\"wp-block-image size-large\"><img loading=\"lazy\" decoding=\"async\" width=\"1024\" height=\"781\" src=\"https:\/\/locaux-vacants.org\/wp-content\/uploads\/2023\/10\/Affichette-consultation-1024x781.jpg\" alt=\"\" class=\"wp-image-704\" srcset=\"https:\/\/locaux-vacants.org\/wp-content\/uploads\/2023\/10\/Affichette-consultation-1024x781.jpg 1024w, https:\/\/locaux-vacants.org\/wp-content\/uploads\/2023\/10\/Affichette-consultation-300x229.jpg 300w, https:\/\/locaux-vacants.org\/wp-content\/uploads\/2023\/10\/Affichette-consultation-768x586.jpg 768w, https:\/\/locaux-vacants.org\/wp-content\/uploads\/2023\/10\/Affichette-consultation-1536x1172.jpg 1536w, https:\/\/locaux-vacants.org\/wp-content\/uploads\/2023\/10\/Affichette-consultation-2048x1562.jpg 2048w, https:\/\/locaux-vacants.org\/wp-content\/uploads\/2023\/10\/Affichette-consultation-830x633.jpg 830w, https:\/\/locaux-vacants.org\/wp-content\/uploads\/2023\/10\/Affichette-consultation-600x458.jpg 600w, https:\/\/locaux-vacants.org\/wp-content\/uploads\/2023\/10\/Affichette-consultation-590x450.jpg 590w\" sizes=\"auto, (max-width: 1024px) 100vw, 1024px\" \/><\/figure>\n","protected":false},"excerpt":{"rendered":"<p>Une quinzaine d&rsquo;affichettes sont diss\u00e9min\u00e9es tout le long du parcours, elles retracent l\u2019\u00e9volution du paysage urbain du Mile-End \u00e0 partir des images de Google Street View produites entre 2007 et 2022. Ces images permettent de s\u2019\u00e9carter du paradigme fonctionnaliste de l\u2019image cartographique, elles permettent de ne pas donner au pass\u00e9 des allures d\u00e9finitives, de ne pas figer l\u2019interpr\u00e9tation en une image unique, achev\u00e9e et r\u00e9volue. C&rsquo;est une alternative pour explorer autrement l\u2019espace urbain en faisant valoir l\u2019imaginaire. Des prises de vue \u00e0 diff\u00e9rentes \u00e9poques offrent la possibilit\u00e9 de raconter l\u2019histoire d\u2019un lieu en actualisant le pass\u00e9 ; le fait g\u00e9ographique devient un fait humain. C\u2019est aussi une tentative de s\u2019\u00e9loigner de la \u00ab froideur \u00bb des donn\u00e9es en les connectant directement au lieu dont elles sont issues et aux acteurs qui les ont produites. Ces images soulignent la relation entre les donn\u00e9es num\u00e9riques et la r\u00e9alit\u00e9 sociale qu&rsquo;elles occultent, donnant voix \u00e0 des pr\u00e9occupations actuelles qui ravivent, po\u00e9tiquement et politiquement, les crises du pass\u00e9 inscrites \u00e0 m\u00eame le territoire urbain. Avec chaque affichette vient une des nombreuses lettres envoy\u00e9es par des citoyens \u00e0 la ville de Montr\u00e9al pour proposer des recommandations lors de la consultation publique sur la probl\u00e9matique des locaux vacants sur les art\u00e8res commerciales.<\/p>\n","protected":false},"author":1,"featured_media":0,"parent":0,"menu_order":0,"comment_status":"closed","ping_status":"closed","template":"","meta":{"footnotes":""},"class_list":["post-510","page","type-page","status-publish","hentry"],"_links":{"self":[{"href":"https:\/\/locaux-vacants.org\/index.php?rest_route=\/wp\/v2\/pages\/510","targetHints":{"allow":["GET"]}}],"collection":[{"href":"https:\/\/locaux-vacants.org\/index.php?rest_route=\/wp\/v2\/pages"}],"about":[{"href":"https:\/\/locaux-vacants.org\/index.php?rest_route=\/wp\/v2\/types\/page"}],"author":[{"embeddable":true,"href":"https:\/\/locaux-vacants.org\/index.php?rest_route=\/wp\/v2\/users\/1"}],"replies":[{"embeddable":true,"href":"https:\/\/locaux-vacants.org\/index.php?rest_route=%2Fwp%2Fv2%2Fcomments&post=510"}],"version-history":[{"count":12,"href":"https:\/\/locaux-vacants.org\/index.php?rest_route=\/wp\/v2\/pages\/510\/revisions"}],"predecessor-version":[{"id":724,"href":"https:\/\/locaux-vacants.org\/index.php?rest_route=\/wp\/v2\/pages\/510\/revisions\/724"}],"wp:attachment":[{"href":"https:\/\/locaux-vacants.org\/index.php?rest_route=%2Fwp%2Fv2%2Fmedia&parent=510"}],"curies":[{"name":"wp","href":"https:\/\/api.w.org\/{rel}","templated":true}]}}