{"id":503,"date":"2023-10-22T01:58:46","date_gmt":"2023-10-21T23:58:46","guid":{"rendered":"https:\/\/locaux-vacants.org\/?page_id=503"},"modified":"2023-11-07T19:33:18","modified_gmt":"2023-11-07T18:33:18","slug":"lintervention-artistique","status":"publish","type":"page","link":"https:\/\/locaux-vacants.org\/?page_id=503","title":{"rendered":"L&rsquo;intervention artistique in situ"},"content":{"rendered":"\n<p>\u00c0 Montr\u00e9al en 2021, suite \u00e0 l&rsquo;\u00e9viction de la librairie <em>S. W. Welch <\/em>par le groupe immobilier Shiller Lavy, un ensemble de citoyens du Mile-End s&rsquo;est rassembl\u00e9 pour former le groupe Facebook \u00ab\u00a0Mile-End Ensemble\u00a0\u00bb. Ce groupe a organis\u00e9 plusieurs interventions et manifestations m\u00e9diatis\u00e9es for\u00e7ant Danny Lavy, copropri\u00e9taire de la soci\u00e9t\u00e9 immobili\u00e8re Shiller Lavy \u00e0 faire marche arri\u00e8re. \u00c0 Montr\u00e9al, de nombreux commerces de proximit\u00e9 qui contribuent \u00e0 la vie de quartier disparaissent peu \u00e0 peu des grandes art\u00e8res commerciales et sont laiss\u00e9s vacants. Ce ph\u00e9nom\u00e8ne touche de plus en plus de villes \u00e0 travers le monde, New York, Paris et Londres ont d\u00e9j\u00e0 commenc\u00e9 \u00e0 prendre des mesures pour endiguer ce ph\u00e9nom\u00e8ne. L\u2019origine est multifactorielle ; sp\u00e9culation immobili\u00e8re, un b\u00e2timent laiss\u00e9 vide a plus de valeur, d\u00e9fiscalisation, augmentation des taxes, manque de l\u00e9gislation sur les baux commerciaux, concurrence avec la vente en ligne et depuis 2020 les restrictions li\u00e9es au COVID ont cr\u00e9\u00e9 une acc\u00e9l\u00e9ration exponentielle du ph\u00e9nom\u00e8ne.<\/p>\n\n\n\n<figure class=\"wp-block-image size-large\"><img loading=\"lazy\" decoding=\"async\" width=\"1024\" height=\"791\" src=\"https:\/\/locaux-vacants.org\/wp-content\/uploads\/2023\/10\/Mile-End-Ensemble-1024x791.jpg\" alt=\"\" class=\"wp-image-530\" srcset=\"https:\/\/locaux-vacants.org\/wp-content\/uploads\/2023\/10\/Mile-End-Ensemble-1024x791.jpg 1024w, https:\/\/locaux-vacants.org\/wp-content\/uploads\/2023\/10\/Mile-End-Ensemble-300x232.jpg 300w, https:\/\/locaux-vacants.org\/wp-content\/uploads\/2023\/10\/Mile-End-Ensemble-768x593.jpg 768w, https:\/\/locaux-vacants.org\/wp-content\/uploads\/2023\/10\/Mile-End-Ensemble-1536x1187.jpg 1536w, https:\/\/locaux-vacants.org\/wp-content\/uploads\/2023\/10\/Mile-End-Ensemble-2048x1583.jpg 2048w, https:\/\/locaux-vacants.org\/wp-content\/uploads\/2023\/10\/Mile-End-Ensemble-830x641.jpg 830w, https:\/\/locaux-vacants.org\/wp-content\/uploads\/2023\/10\/Mile-End-Ensemble-600x464.jpg 600w, https:\/\/locaux-vacants.org\/wp-content\/uploads\/2023\/10\/Mile-End-Ensemble-582x450.jpg 582w\" sizes=\"auto, (max-width: 1024px) 100vw, 1024px\" \/><\/figure>\n\n\n\n<ol class=\"wp-block-list\">\n<li>Manifestation organis\u00e9 par le groupe \u00ab\u00a0Mile End Ensemble\u00a0\u00bb devant la librairie <em>S. W. Welch<\/em><\/li>\n<\/ol>\n\n\n\n<p>Le projet <em>Locaux vacants<\/em> est une investigation qui prend comme point de d\u00e9part les discussions du groupe <em><a href=\"https:\/\/www.facebook.com\/groups\/438026180741260\">Mile End Ensemble<\/a><\/em>. C\u2019est aussi une intervention artistique qui a pour objectif de repositionner dans l\u2019espace public une r\u00e9flexion collective qui a eu lieu sur Internet. La probl\u00e9matique des locaux vacants a g\u00e9n\u00e9r\u00e9 de nombreuses informations disparates sur Internet et je cherche \u00e0 replacer ces donn\u00e9es dans leur contexte g\u00e9ographique d\u2019origine (le Mile-End) pour les reconnecter aux acteurs qui les ont produites (les citoyens du quartier).<\/p>\n\n\n\n<p>Concr\u00e8tement l\u2019intervention artistique se compose en une s\u00e9rie d\u2019affiches qui seront plac\u00e9es sur les devantures des locaux vacants dans le Mile End durant tout le mois de novembre 2023. Ces affiches vont pr\u00e9senter plusieurs ensembles de donn\u00e9es collect\u00e9es sur Internet sur la probl\u00e9matique des locaux vacants.&nbsp; Ces donn\u00e9es rassemblent entre autres, des discussions dans les r\u00e9seaux sociaux, des photos des locaux vacants prisent dans le quartier par des r\u00e9sidents ou des m\u00e9dias, des commentaires et avis google sur l\u2019entreprise Shiller Lavy, et une cartographie sociale de l\u2019ensemble des interactions des acteurs locaux (entreprises, particuliers, institutions\u2026) avec des commerces du Mile-End qui ont d\u00e9finitivement ferm\u00e9. Les activit\u00e9s pass\u00e9es de ces anciens commerces ont laiss\u00e9 des traces sur Internet qui sont toujours visibles. Ces affiches grand format vont toutes renvoyer ici sur le site Internet locaux-vacants.org. Ce site va \u00e9voluer et il est destin\u00e9 \u00e0 centraliser et archiver l\u2019ensemble des informations concernant ce sujet. Il va permettre ainsi au public de s\u2019informer et d\u2019acc\u00e9der \u00e0 de nombreuses ressources.<\/p>\n\n\n<p><iframe loading=\"lazy\" src=\"https:\/\/www.google.com\/maps\/d\/embed?mid=1Z3iopFbkFtDTksFlLms07Z8ylp80a4I&amp;ehbc=2E312F\" width=\"654\" height=\"480\"><\/iframe><\/p>\n\n\n<p class=\"has-text-align-center\"> 2. <a href=\"https:\/\/www.google.com\/maps\/d\/viewer?ll=45.524366196453784%2C-73.6028090452711&amp;z=18&amp;mid=1Z3iopFbkFtDTksFlLms07Z8ylp80a4I\">Les sites d\u2019affichages dans le quartier<\/a> sont en vert (<a href=\"https:\/\/locaux-vacants.org\/?page_id=510\">affichette<\/a>) et en bleu (<a href=\"https:\/\/locaux-vacants.org\/?page_id=2\">grand format<\/a>).<br>La derni\u00e8re mise \u00e0 jour des sites \u00e0 \u00e9t\u00e9 faite le lundi 23 octobre 2023<\/p>\n\n\n\n<figure class=\"wp-block-gallery has-nested-images columns-default is-cropped wp-block-gallery-1 is-layout-flex wp-block-gallery-is-layout-flex\">\n<figure class=\"wp-block-image size-large\"><a href=\"https:\/\/www.google.com\/maps\/dir\/45.5225879,-73.6019436\/45.5237081,-73.6054188\/45.5277003,-73.6019959\/45.525913,-73.5989749\/@45.5249842,-73.6048287,17z\/data=!3m1!4b1!4m11!4m10!1m5!3m4!1m2!1d-73.6022192!2d45.5222509!3s0x4cc91978db38d701:0xf462a6f025b36a8f!1m0!1m0!1m0!3e2?entry=ttu\"><img loading=\"lazy\" decoding=\"async\" width=\"1024\" height=\"855\" data-id=\"727\" src=\"https:\/\/locaux-vacants.org\/wp-content\/uploads\/2023\/11\/Capture-decran-2023-11-07-133226-1024x855.png\" alt=\"\" class=\"wp-image-727\" srcset=\"https:\/\/locaux-vacants.org\/wp-content\/uploads\/2023\/11\/Capture-decran-2023-11-07-133226-1024x855.png 1024w, https:\/\/locaux-vacants.org\/wp-content\/uploads\/2023\/11\/Capture-decran-2023-11-07-133226-300x250.png 300w, https:\/\/locaux-vacants.org\/wp-content\/uploads\/2023\/11\/Capture-decran-2023-11-07-133226-768x641.png 768w, https:\/\/locaux-vacants.org\/wp-content\/uploads\/2023\/11\/Capture-decran-2023-11-07-133226-830x693.png 830w, https:\/\/locaux-vacants.org\/wp-content\/uploads\/2023\/11\/Capture-decran-2023-11-07-133226-600x501.png 600w, https:\/\/locaux-vacants.org\/wp-content\/uploads\/2023\/11\/Capture-decran-2023-11-07-133226-539x450.png 539w, https:\/\/locaux-vacants.org\/wp-content\/uploads\/2023\/11\/Capture-decran-2023-11-07-133226.png 1145w\" sizes=\"auto, (max-width: 1024px) 100vw, 1024px\" \/><\/a><\/figure>\n<\/figure>\n\n\n\n<p class=\"has-text-align-center\">3. <a href=\"https:\/\/www.google.com\/maps\/dir\/45.5229981,-73.6015788\/45.5258185,-73.5989591\/45.5272847,-73.6021638\/45.5244313,-73.6048182\/@45.5249075,-73.6034147,17z\/data=!4m2!4m1!3e2?entry=ttu\">Le parcours<\/a> \u00e0 suivre pour d\u00e9couvrir les sites d\u2019affichages..<\/p>\n\n\n\n<p class=\"has-medium-font-size\"><strong>L&rsquo;artiste :<\/strong><\/p>\n\n\n\n<p>Nans Bortuzzo vit et travail \u00e0 Montr\u00e9al, son champ de recherche cr\u00e9ation s\u2019articule autour de l\u2019utilisation du \u00ab\u00a0Big Data\u00a0\u00bb comme mat\u00e9riel artistique. Il utilise des m\u00e9thodes d\u2019investigation propre au journalisme de donn\u00e9es pour explorer et exploiter les donn\u00e9es massives. Son processus de cr\u00e9ation r\u00e9sulte d&rsquo;un proc\u00e9d\u00e9 d&rsquo;accumulation, de tri, d&rsquo;analyse et d&rsquo;organisation, il s&rsquo;inscrit dans le \u00ab process-oriented art \u00bb selon une perspective documentaire et journalistique. En 2018 et 2019, il a travaill\u00e9 \u00e0 partir d&rsquo;une archive num\u00e9rique qui contient les requ\u00eates et l&rsquo;historique de navigation Internet de plus d\u2019un demi-million d\u2019Am\u00e9ricain\u00b7e\u00b7s. Ces enregistrements, faits \u00e0 l\u2019insu des utilisateurs\u00b7trices en 2006 par AOL, ont \u00e9t\u00e9 rendus anonymes avant d&rsquo;\u00eatre publi\u00e9s pour la recherche. \u00c0 partir de cette archive, Il a r\u00e9alis\u00e9 trois \u0153uvres <em>Nothing To Hide<\/em> expos\u00e9e \u00e0 VOX \u2013 Centre de l\u2019image contemporaine (2018), <em>Comment <\/em>? Diffus\u00e9e sur la fa\u00e7ade de l\u2019\u00e9difice 2-22 (2018) et <em>5Ws<\/em> expos\u00e9es \u00e0 la galerie de l\u2019UQAM (2019). Ces recherches cr\u00e9ations permettent de s\u2019\u00e9loigner des visualisations abstraites de donn\u00e9es pour d\u00e9fricher un terrain o\u00f9 l&rsquo;aspect formel et conceptuel des \u0153uvres est plus apte \u00e0 toucher le public. <\/p>\n\n\n\n<p>D\u2019une mani\u00e8re plus g\u00e9n\u00e9rale, son processus de cr\u00e9ation se d\u00e9ploie en trois \u00e9tapes. En premier lieu, il collecte de grands ensembles de donn\u00e9es ouvertes qui proviennent des sciences sociales, des r\u00e9seaux sociaux ou de \u00ab Data leaks \u00bb. Il m\u00e8ne ensuite un travail d\u2019investigation qui s\u2019apparente \u00e0 celui d\u2019un journaliste de donn\u00e9es. L&rsquo;artiste cherche \u00e0 identifier des probl\u00e9matiques d\u2019ordre sociopolitique dissimul\u00e9es dans le \u00ab Big Data \u00bb. Une fois mise \u00e0 jour, cette r\u00e9alit\u00e9 sert de base conceptuelle pour r\u00e9aliser une production artistique en arts visuels. Son approche artistique se situe au croisement de la science des donn\u00e9es, du \u00ab\u00a0Data Journalisme\u00a0\u00bb et des arts visuels. Nans Bortuzzo d\u00e9tient une ma\u00eetrise en arts visuels et m\u00e9diatiques de l&rsquo;UQAM. Il obtient la bourse M\u00e9c\u00e8nes investis pour les arts (2013), il a \u00e9t\u00e9 artiste en r\u00e9sidence \u00e0 la Cit\u00e9 internationale des arts de Paris (2013). Son travail a \u00e9t\u00e9 pr\u00e9sent\u00e9, entre autres, \u00e0 la Galerie de l&rsquo;UQAM (2019), \u00e0 VOX \u2013 Centre de l\u2019image contemporaine (2018), chez Occurrence (2017) et a mis en sc\u00e8ne Obsolescence programm\u00e9e pr\u00e9sent\u00e9e \u00e0 La Chapelle Sc\u00e8nes contemporaines \u00e0 Montr\u00e9al (2014).<\/p>\n","protected":false},"excerpt":{"rendered":"<p>\u00c0 Montr\u00e9al en 2021, suite \u00e0 l&rsquo;\u00e9viction de la librairie S. W. Welch par le groupe immobilier Shiller Lavy, un ensemble de citoyens du Mile-End s&rsquo;est rassembl\u00e9 pour former le groupe Facebook \u00ab\u00a0Mile-End Ensemble\u00a0\u00bb. Ce groupe a organis\u00e9 plusieurs interventions et manifestations m\u00e9diatis\u00e9es for\u00e7ant Danny Lavy, copropri\u00e9taire de la soci\u00e9t\u00e9 immobili\u00e8re Shiller Lavy \u00e0 faire marche arri\u00e8re. \u00c0 Montr\u00e9al, de nombreux commerces de proximit\u00e9 qui contribuent \u00e0 la vie de quartier disparaissent peu \u00e0 peu des grandes art\u00e8res commerciales et sont laiss\u00e9s vacants. Ce ph\u00e9nom\u00e8ne touche de plus en plus de villes \u00e0 travers le monde, New York, Paris et Londres ont d\u00e9j\u00e0 commenc\u00e9 \u00e0 prendre des mesures pour endiguer ce ph\u00e9nom\u00e8ne. L\u2019origine est multifactorielle ; sp\u00e9culation immobili\u00e8re, un b\u00e2timent laiss\u00e9 vide a plus de valeur, d\u00e9fiscalisation, augmentation des taxes, manque de l\u00e9gislation sur les baux commerciaux, concurrence avec la vente en ligne et depuis 2020 les restrictions li\u00e9es au COVID ont cr\u00e9\u00e9 une acc\u00e9l\u00e9ration exponentielle du ph\u00e9nom\u00e8ne. Le projet Locaux vacants est une investigation qui prend comme point de d\u00e9part les discussions du groupe Mile End Ensemble. C\u2019est aussi une intervention artistique qui a pour objectif de repositionner dans l\u2019espace public une r\u00e9flexion collective qui a eu lieu sur Internet. La probl\u00e9matique des locaux vacants a g\u00e9n\u00e9r\u00e9 de nombreuses informations disparates sur Internet et je cherche \u00e0 replacer ces donn\u00e9es dans leur contexte g\u00e9ographique d\u2019origine (le Mile-End) pour les reconnecter aux acteurs qui les ont produites (les citoyens du quartier). Concr\u00e8tement l\u2019intervention artistique se compose en une s\u00e9rie d\u2019affiches qui seront plac\u00e9es sur les devantures des locaux vacants dans le Mile End durant tout le mois de novembre 2023. Ces affiches vont pr\u00e9senter plusieurs ensembles de donn\u00e9es collect\u00e9es sur Internet sur la probl\u00e9matique des locaux vacants.&nbsp; Ces donn\u00e9es rassemblent entre autres, des discussions dans les r\u00e9seaux sociaux, des photos des locaux vacants prisent dans le quartier par des r\u00e9sidents ou des m\u00e9dias, des commentaires et avis google sur l\u2019entreprise Shiller Lavy, et une cartographie sociale de l\u2019ensemble des interactions des acteurs locaux (entreprises, particuliers, institutions\u2026) avec des commerces du Mile-End qui ont d\u00e9finitivement ferm\u00e9. Les activit\u00e9s pass\u00e9es de ces anciens commerces ont laiss\u00e9 des traces sur Internet qui sont toujours visibles. Ces affiches grand format vont toutes renvoyer ici sur le site Internet locaux-vacants.org. Ce site va \u00e9voluer et il est destin\u00e9 \u00e0 centraliser et archiver l\u2019ensemble des informations concernant ce sujet. Il va permettre ainsi au public de s\u2019informer et d\u2019acc\u00e9der \u00e0 de nombreuses ressources. 2. Les sites d\u2019affichages dans le quartier sont en vert (affichette) et en bleu (grand format).La derni\u00e8re mise \u00e0 jour des sites \u00e0 \u00e9t\u00e9 faite le lundi 23 octobre 2023 3. Le parcours \u00e0 suivre pour d\u00e9couvrir les sites d\u2019affichages.. L&rsquo;artiste : Nans Bortuzzo vit et travail \u00e0 Montr\u00e9al, son champ de recherche cr\u00e9ation s\u2019articule autour de l\u2019utilisation du \u00ab\u00a0Big Data\u00a0\u00bb comme mat\u00e9riel artistique. Il utilise des m\u00e9thodes d\u2019investigation propre au journalisme de donn\u00e9es pour explorer et exploiter les donn\u00e9es massives. Son processus de cr\u00e9ation r\u00e9sulte d&rsquo;un proc\u00e9d\u00e9 d&rsquo;accumulation, de tri, d&rsquo;analyse et d&rsquo;organisation, il s&rsquo;inscrit dans le \u00ab process-oriented art \u00bb selon une perspective documentaire et journalistique. En 2018 et 2019, il a travaill\u00e9 \u00e0 partir d&rsquo;une archive num\u00e9rique qui contient les requ\u00eates et l&rsquo;historique de navigation Internet de plus d\u2019un demi-million d\u2019Am\u00e9ricain\u00b7e\u00b7s. Ces enregistrements, faits \u00e0 l\u2019insu des utilisateurs\u00b7trices en 2006 par AOL, ont \u00e9t\u00e9 rendus anonymes avant d&rsquo;\u00eatre publi\u00e9s pour la recherche. \u00c0 partir de cette archive, Il a r\u00e9alis\u00e9 trois \u0153uvres Nothing To Hide expos\u00e9e \u00e0 VOX \u2013 Centre de l\u2019image contemporaine (2018), Comment ? Diffus\u00e9e sur la fa\u00e7ade de l\u2019\u00e9difice 2-22 (2018) et 5Ws expos\u00e9es \u00e0 la galerie de l\u2019UQAM (2019). Ces recherches cr\u00e9ations permettent de s\u2019\u00e9loigner des visualisations abstraites de donn\u00e9es pour d\u00e9fricher un terrain o\u00f9 l&rsquo;aspect formel et conceptuel des \u0153uvres est plus apte \u00e0 toucher le public. D\u2019une mani\u00e8re plus g\u00e9n\u00e9rale, son processus de cr\u00e9ation se d\u00e9ploie en trois \u00e9tapes. En premier lieu, il collecte de grands ensembles de donn\u00e9es ouvertes qui proviennent des sciences sociales, des r\u00e9seaux sociaux ou de \u00ab Data leaks \u00bb. Il m\u00e8ne ensuite un travail d\u2019investigation qui s\u2019apparente \u00e0 celui d\u2019un journaliste de donn\u00e9es. L&rsquo;artiste cherche \u00e0 identifier des probl\u00e9matiques d\u2019ordre sociopolitique dissimul\u00e9es dans le \u00ab Big Data \u00bb. Une fois mise \u00e0 jour, cette r\u00e9alit\u00e9 sert de base conceptuelle pour r\u00e9aliser une production artistique en arts visuels. Son approche artistique se situe au croisement de la science des donn\u00e9es, du \u00ab\u00a0Data Journalisme\u00a0\u00bb et des arts visuels. Nans Bortuzzo d\u00e9tient une ma\u00eetrise en arts visuels et m\u00e9diatiques de l&rsquo;UQAM. Il obtient la bourse M\u00e9c\u00e8nes investis pour les arts (2013), il a \u00e9t\u00e9 artiste en r\u00e9sidence \u00e0 la Cit\u00e9 internationale des arts de Paris (2013). Son travail a \u00e9t\u00e9 pr\u00e9sent\u00e9, entre autres, \u00e0 la Galerie de l&rsquo;UQAM (2019), \u00e0 VOX \u2013 Centre de l\u2019image contemporaine (2018), chez Occurrence (2017) et a mis en sc\u00e8ne Obsolescence programm\u00e9e pr\u00e9sent\u00e9e \u00e0 La Chapelle Sc\u00e8nes contemporaines \u00e0 Montr\u00e9al (2014).<\/p>\n","protected":false},"author":1,"featured_media":0,"parent":0,"menu_order":0,"comment_status":"closed","ping_status":"closed","template":"","meta":{"footnotes":""},"class_list":["post-503","page","type-page","status-publish","hentry"],"_links":{"self":[{"href":"https:\/\/locaux-vacants.org\/index.php?rest_route=\/wp\/v2\/pages\/503","targetHints":{"allow":["GET"]}}],"collection":[{"href":"https:\/\/locaux-vacants.org\/index.php?rest_route=\/wp\/v2\/pages"}],"about":[{"href":"https:\/\/locaux-vacants.org\/index.php?rest_route=\/wp\/v2\/types\/page"}],"author":[{"embeddable":true,"href":"https:\/\/locaux-vacants.org\/index.php?rest_route=\/wp\/v2\/users\/1"}],"replies":[{"embeddable":true,"href":"https:\/\/locaux-vacants.org\/index.php?rest_route=%2Fwp%2Fv2%2Fcomments&post=503"}],"version-history":[{"count":23,"href":"https:\/\/locaux-vacants.org\/index.php?rest_route=\/wp\/v2\/pages\/503\/revisions"}],"predecessor-version":[{"id":733,"href":"https:\/\/locaux-vacants.org\/index.php?rest_route=\/wp\/v2\/pages\/503\/revisions\/733"}],"wp:attachment":[{"href":"https:\/\/locaux-vacants.org\/index.php?rest_route=%2Fwp%2Fv2%2Fmedia&parent=503"}],"curies":[{"name":"wp","href":"https:\/\/api.w.org\/{rel}","templated":true}]}}