{"id":401,"date":"2022-07-12T16:59:39","date_gmt":"2022-07-12T14:59:39","guid":{"rendered":"https:\/\/locaux-vacants.org\/?page_id=401"},"modified":"2023-10-25T11:07:45","modified_gmt":"2023-10-25T09:07:45","slug":"problematique","status":"publish","type":"page","link":"https:\/\/locaux-vacants.org\/?page_id=401","title":{"rendered":"La probl\u00e9matique des locaux vacants"},"content":{"rendered":"\n<p>Le Mile-End a longtemps \u00e9t\u00e9 le berceau d&rsquo;artistes, de musiciens et de cr\u00e9ateurs de tous horizons. Ses rues sont bord\u00e9es de caf\u00e9s, de boutiques singuli\u00e8res, et de restaurants pittoresques qui ont contribu\u00e9 \u00e0 forger au quartier une identit\u00e9 singuli\u00e8re et unique. Cependant, au fil des ann\u00e9es, de nombreux locaux commerciaux demeurent de plus en plus inoccup\u00e9s, laissant derri\u00e8re eux des espaces vides qui \u00e9taient autrefois le c\u0153ur battant d\u2019une communaut\u00e9 multiculturelle. Les art\u00e8res commerciales sont en d\u00e9clin et le r\u00f4le primordial pour garantir la pr\u00e9sence de services de proximit\u00e9 tend \u00e0 dispara\u00eetre. Certains commerces sont encore des lieux de socialisation qui jouent un r\u00f4le majeur dans la coh\u00e9sion sociale du quartier et les art\u00e8res commerciales sont aujourd\u2019hui davantage des art\u00e8res \u00abnon r\u00e9sidentielles\u00bb o\u00f9 se m\u00e9langent plusieurs usages et fonctions qui d\u00e9passent la vocation commerciale.<\/p>\n\n\n\n<p>Plusieurs facteurs contribuent \u00e0 cette probl\u00e9matique. Lors de <a href=\"https:\/\/ville.montreal.qc.ca\/portal\/page?_pageid=6877,143367936&amp;_dad=portal&amp;_schema=PORTAL\">la consultation publique<\/a> organis\u00e9e par la la Commission sur le d\u00e9veloppement \u00e9conomique et urbain et l\u2019habitation, entre 2019 et 2022, ( lien consultation) plusieurs points ont \u00e9t\u00e9 mis en exergue de fa\u00e7on r\u00e9currente..<\/p>\n\n\n\n<p>Tout d&rsquo;abord, le co\u00fbt \u00e9lev\u00e9 des loyers non r\u00e9sidentiels est devenu un obstacle \u00e0 l\u2019installation de nouveaux commer\u00e7ants. La gentrification du quartier a fait grimper les prix et le jeu de la sp\u00e9culation immobili\u00e8re a dissuad\u00e9 de nombreux artisans et commer\u00e7ant de s&rsquo;implanter dans le quartier. La menace de fermeture de la librairie S.W. Welch en 2021 a suscit\u00e9 un toll\u00e9 public, mettant en \u00e9vidence les rapports de conflits entre petits commer\u00e7ants et propri\u00e9taires immobiliers. Ces pratiques ont transform\u00e9 le Mile-End en for\u00e7ant la fermeture ou le d\u00e9m\u00e9nagement de plusieurs commer\u00e7ants comme la&nbsp;<a href=\"https:\/\/montreal.eater.com\/2015\/8\/11\/9131307\/mile-end-montreal-landmark-boulangerie-clarke-closes\">boulangerie Clarke<\/a>, la&nbsp;<a href=\"https:\/\/www.silo57.ca\/2019\/07\/04\/une-patisserie-iconique-du-mile-end-se-voit-dans-lobligation-de-fermer-boutique\">p\u00e2tisserie Chez De Gaulle<\/a>&nbsp;et le&nbsp;<a href=\"https:\/\/www.lapresse.ca\/vivre\/gourmand\/restaurants\/201803\/06\/01-5156271-le-cagibi-force-de-demenager-devient-coop.php\">caf\u00e9 Cagibi<\/a>.<\/p>\n\n\n\n<figure class=\"wp-block-embed is-type-video is-provider-youtube wp-block-embed-youtube wp-embed-aspect-16-9 wp-has-aspect-ratio\"><div class=\"wp-block-embed__wrapper\">\n<div class=\"video-wrapper\"><iframe loading=\"lazy\" title=\"Commerces vacants\" width=\"500\" height=\"281\" src=\"https:\/\/www.youtube.com\/embed\/EKbCRqDSXp4?start=13&#038;feature=oembed\" frameborder=\"0\" allow=\"accelerometer; autoplay; clipboard-write; encrypted-media; gyroscope; picture-in-picture; web-share\" referrerpolicy=\"strict-origin-when-cross-origin\" allowfullscreen><\/iframe><\/div>\n<\/div><\/figure>\n\n\n\n<p>C\u2019est la non-existence d\u2019une r\u00e9gulation des baux commerciaux qui permet aux propri\u00e9taires d\u2019augmenter rapidement et consid\u00e9rablement les loyers for\u00e7ant l\u2019\u00e9viction de certains petits commer\u00e7ants ind\u00e9pendants. Lors de la consultation publique, plusieurs acteurs ont sugg\u00e9r\u00e9 de r\u00e9guler les baux commerciaux en cr\u00e9ant une entit\u00e9 comme une \u00ab R\u00e9gie des locaux commerciaux \u00bb sur le mod\u00e8le de la \u00ab R\u00e9gie du logement \u00bb ou encore en proposant l\u2019adoption de nouveaux r\u00e8glements municipaux pour assurer des conditions \u00e9quitables entre propri\u00e9taires et locataires.<\/p>\n\n\n\n<p>Une autre cause de la vacance commerciale est le manque de soutien financier de la ville et le fardeau fiscal des taxes non r\u00e9sidentielles pour les propri\u00e9taires, le taux de ces taxes place Montr\u00e9al comme \u00e9tant la ville du pays qui a la plus haute d\u2019imposition fonci\u00e8re commerciale d\u2019apr\u00e8s une analyse du Groupe Altus effectu\u00e9e en 2019. Plusieurs acteurs lors de la consultation ont recommand\u00e9 des mesures de soutien financier, y compris la r\u00e9duction des taxes fonci\u00e8res sur les immeubles non r\u00e9sidentiels pour soulager la fiscalit\u00e9 des propri\u00e9taires qui la reporte sur les commer\u00e7ants.<\/p>\n\n\n\n<p>La pand\u00e9mie de COVID-19 a eu aussi un impact important qui est encore difficilement mesurable sur la p\u00e9rennit\u00e9 des commer\u00e7ants, for\u00e7ant certains ind\u00e9pendants \u00e0 fermer leurs portes d\u00e9finitivement. Les restrictions sanitaires, les confinements, le changement des habitudes de consommation et le commerce en ligne ont laiss\u00e9 de nombreuses devantures vides et durablement vacantes.<\/p>\n\n\n\n<p>Si la gentrification a fa\u00e7onn\u00e9 le Mile-End d&rsquo;aujourd&rsquo;hui, elle n&rsquo;a pas \u00e9touff\u00e9 l&rsquo;esprit de la communaut\u00e9 qui reste tr\u00e8s pr\u00e9sente dans le quartier (liens ressources). Alors que de nombreuses petites entreprises ont disparu, de nouvelles ont \u00e9merg\u00e9, refl\u00e9tant la diversit\u00e9 et la cr\u00e9ativit\u00e9 qui font la richesse de ce quartier et les tensions ont \u00e9galement stimul\u00e9 le dialogue et la mobilisation communautaire. Le Mile-End est un exemple de ce qui se passe dans de nombreuses villes du monde entier. Les quartiers sont en \u00e9volution constante et refl\u00e8tent les luttes entre le pass\u00e9 et l&rsquo;avenir, entre la tradition et le changement. Alors que les promoteurs immobiliers sp\u00e9culent et que de nouveaux r\u00e9sidents affluent, le quartier continue de se r\u00e9inventer, la question qui demeure est de savoir comment.<\/p>\n\n\n<p><iframe loading=\"lazy\" src=\"https:\/\/www.google.com\/maps\/d\/embed?mid=1BfH9fjKIZI_W8faqg1hLEP_XzebnD9s&amp;ehbc=2E312F\" width=\"654\" height=\"480\"><\/iframe><\/p>\n\n\n<p class=\"has-text-align-center\">1. Cartographie des locaux vacants dans le Mile-End r\u00e9alis\u00e9 \u00e0 partir d&rsquo;observation dans le quartier et \u00e0 partir du <a href=\"https:\/\/vuesurlesdonnees.montreal.ca\/pub\/sense\/app\/1b530970-e357-44d6-be85-000a785e752c\/sheet\/0b650bec-a3ba-43ef-b6e5-4602e51e1a8b\/state\/analysis\">site de la ville de Montr\u00e9al vuesurlesdonnees.montreal.ca<\/a> <br>Les localisations ont \u00e9t\u00e9 mises \u00e0 jour au d\u00e9but de l&rsquo;\u00e9t\u00e9 2023.<\/p>\n\n\n\n<figure class=\"wp-block-gallery has-nested-images columns-default is-cropped wp-block-gallery-1 is-layout-flex wp-block-gallery-is-layout-flex\">\n<figure class=\"wp-block-image size-large\"><img loading=\"lazy\" decoding=\"async\" width=\"1024\" height=\"574\" data-id=\"522\" src=\"https:\/\/locaux-vacants.org\/wp-content\/uploads\/2023\/10\/1.-Repartition-des-locaux-commerciaux-par-usages-2-1024x574.jpg\" alt=\"\" class=\"wp-image-522\" srcset=\"https:\/\/locaux-vacants.org\/wp-content\/uploads\/2023\/10\/1.-Repartition-des-locaux-commerciaux-par-usages-2-1024x574.jpg 1024w, https:\/\/locaux-vacants.org\/wp-content\/uploads\/2023\/10\/1.-Repartition-des-locaux-commerciaux-par-usages-2-300x168.jpg 300w, https:\/\/locaux-vacants.org\/wp-content\/uploads\/2023\/10\/1.-Repartition-des-locaux-commerciaux-par-usages-2-768x431.jpg 768w, https:\/\/locaux-vacants.org\/wp-content\/uploads\/2023\/10\/1.-Repartition-des-locaux-commerciaux-par-usages-2-1536x862.jpg 1536w, https:\/\/locaux-vacants.org\/wp-content\/uploads\/2023\/10\/1.-Repartition-des-locaux-commerciaux-par-usages-2-830x466.jpg 830w, https:\/\/locaux-vacants.org\/wp-content\/uploads\/2023\/10\/1.-Repartition-des-locaux-commerciaux-par-usages-2-600x337.jpg 600w, https:\/\/locaux-vacants.org\/wp-content\/uploads\/2023\/10\/1.-Repartition-des-locaux-commerciaux-par-usages-2-802x450.jpg 802w, https:\/\/locaux-vacants.org\/wp-content\/uploads\/2023\/10\/1.-Repartition-des-locaux-commerciaux-par-usages-2.jpg 1920w\" sizes=\"auto, (max-width: 1024px) 100vw, 1024px\" \/><\/figure>\n<\/figure>\n\n\n\n<p class=\"has-text-align-center\">2. R\u00e9partition des locaux commerciaux par usages &#8211; <a href=\"https:\/\/vuesurlesdonnees.montreal.ca\/pub\/sense\/app\/1b530970-e357-44d6-be85-000a785e752c\/sheet\/0b650bec-a3ba-43ef-b6e5-4602e51e1a8b\/state\/analysis\">ville de Montr\u00e9al, vuesurlesdonnees.montreal.ca<\/a> <br>Le nombre de locaux vacants dans le Mile-End s&rsquo;\u00e9levait \u00e0 174 au 8 novembre 2022.<\/p>\n\n\n\n<figure class=\"wp-block-image size-large\"><img loading=\"lazy\" decoding=\"async\" width=\"1024\" height=\"574\" src=\"https:\/\/locaux-vacants.org\/wp-content\/uploads\/2023\/10\/2.-Sous-categories-dusages-1-1024x574.jpg\" alt=\"\" class=\"wp-image-524\" srcset=\"https:\/\/locaux-vacants.org\/wp-content\/uploads\/2023\/10\/2.-Sous-categories-dusages-1-1024x574.jpg 1024w, https:\/\/locaux-vacants.org\/wp-content\/uploads\/2023\/10\/2.-Sous-categories-dusages-1-300x168.jpg 300w, https:\/\/locaux-vacants.org\/wp-content\/uploads\/2023\/10\/2.-Sous-categories-dusages-1-768x431.jpg 768w, https:\/\/locaux-vacants.org\/wp-content\/uploads\/2023\/10\/2.-Sous-categories-dusages-1-1536x862.jpg 1536w, https:\/\/locaux-vacants.org\/wp-content\/uploads\/2023\/10\/2.-Sous-categories-dusages-1-830x466.jpg 830w, https:\/\/locaux-vacants.org\/wp-content\/uploads\/2023\/10\/2.-Sous-categories-dusages-1-600x337.jpg 600w, https:\/\/locaux-vacants.org\/wp-content\/uploads\/2023\/10\/2.-Sous-categories-dusages-1-802x450.jpg 802w, https:\/\/locaux-vacants.org\/wp-content\/uploads\/2023\/10\/2.-Sous-categories-dusages-1.jpg 1920w\" sizes=\"auto, (max-width: 1024px) 100vw, 1024px\" \/><\/figure>\n\n\n<\/p>\n\n\n<p class=\"has-text-align-center\">3. Sous-cat\u00e9gories d&rsquo;usages des locaux commerciaux<br><a href=\"https:\/\/vuesurlesdonnees.montreal.ca\/pub\/sense\/app\/1b530970-e357-44d6-be85-000a785e752c\/sheet\/0b650bec-a3ba-43ef-b6e5-4602e51e1a8b\/state\/analysis\">ville de Montr\u00e9al vuesurlesdonnees.montreal.ca<\/a> (8 novembre 2022).<\/p>\n","protected":false},"excerpt":{"rendered":"<p>Le Mile-End a longtemps \u00e9t\u00e9 le berceau d&rsquo;artistes, de musiciens et de cr\u00e9ateurs de tous horizons. Ses rues sont bord\u00e9es de caf\u00e9s, de boutiques singuli\u00e8res, et de restaurants pittoresques qui ont contribu\u00e9 \u00e0 forger au quartier une identit\u00e9 singuli\u00e8re et unique. Cependant, au fil des ann\u00e9es, de nombreux locaux commerciaux demeurent de plus en plus inoccup\u00e9s, laissant derri\u00e8re eux des espaces vides qui \u00e9taient autrefois le c\u0153ur battant d\u2019une communaut\u00e9 multiculturelle. Les art\u00e8res commerciales sont en d\u00e9clin et le r\u00f4le primordial pour garantir la pr\u00e9sence de services de proximit\u00e9 tend \u00e0 dispara\u00eetre. Certains commerces sont encore des lieux de socialisation qui jouent un r\u00f4le majeur dans la coh\u00e9sion sociale du quartier et les art\u00e8res commerciales sont aujourd\u2019hui davantage des art\u00e8res \u00abnon r\u00e9sidentielles\u00bb o\u00f9 se m\u00e9langent plusieurs usages et fonctions qui d\u00e9passent la vocation commerciale. Plusieurs facteurs contribuent \u00e0 cette probl\u00e9matique. Lors de la consultation publique organis\u00e9e par la la Commission sur le d\u00e9veloppement \u00e9conomique et urbain et l\u2019habitation, entre 2019 et 2022, ( lien consultation) plusieurs points ont \u00e9t\u00e9 mis en exergue de fa\u00e7on r\u00e9currente.. Tout d&rsquo;abord, le co\u00fbt \u00e9lev\u00e9 des loyers non r\u00e9sidentiels est devenu un obstacle \u00e0 l\u2019installation de nouveaux commer\u00e7ants. La gentrification du quartier a fait grimper les prix et le jeu de la sp\u00e9culation immobili\u00e8re a dissuad\u00e9 de nombreux artisans et commer\u00e7ant de s&rsquo;implanter dans le quartier. La menace de fermeture de la librairie S.W. Welch en 2021 a suscit\u00e9 un toll\u00e9 public, mettant en \u00e9vidence les rapports de conflits entre petits commer\u00e7ants et propri\u00e9taires immobiliers. Ces pratiques ont transform\u00e9 le Mile-End en for\u00e7ant la fermeture ou le d\u00e9m\u00e9nagement de plusieurs commer\u00e7ants comme la&nbsp;boulangerie Clarke, la&nbsp;p\u00e2tisserie Chez De Gaulle&nbsp;et le&nbsp;caf\u00e9 Cagibi. C\u2019est la non-existence d\u2019une r\u00e9gulation des baux commerciaux qui permet aux propri\u00e9taires d\u2019augmenter rapidement et consid\u00e9rablement les loyers for\u00e7ant l\u2019\u00e9viction de certains petits commer\u00e7ants ind\u00e9pendants. Lors de la consultation publique, plusieurs acteurs ont sugg\u00e9r\u00e9 de r\u00e9guler les baux commerciaux en cr\u00e9ant une entit\u00e9 comme une \u00ab R\u00e9gie des locaux commerciaux \u00bb sur le mod\u00e8le de la \u00ab R\u00e9gie du logement \u00bb ou encore en proposant l\u2019adoption de nouveaux r\u00e8glements municipaux pour assurer des conditions \u00e9quitables entre propri\u00e9taires et locataires. Une autre cause de la vacance commerciale est le manque de soutien financier de la ville et le fardeau fiscal des taxes non r\u00e9sidentielles pour les propri\u00e9taires, le taux de ces taxes place Montr\u00e9al comme \u00e9tant la ville du pays qui a la plus haute d\u2019imposition fonci\u00e8re commerciale d\u2019apr\u00e8s une analyse du Groupe Altus effectu\u00e9e en 2019. Plusieurs acteurs lors de la consultation ont recommand\u00e9 des mesures de soutien financier, y compris la r\u00e9duction des taxes fonci\u00e8res sur les immeubles non r\u00e9sidentiels pour soulager la fiscalit\u00e9 des propri\u00e9taires qui la reporte sur les commer\u00e7ants. La pand\u00e9mie de COVID-19 a eu aussi un impact important qui est encore difficilement mesurable sur la p\u00e9rennit\u00e9 des commer\u00e7ants, for\u00e7ant certains ind\u00e9pendants \u00e0 fermer leurs portes d\u00e9finitivement. Les restrictions sanitaires, les confinements, le changement des habitudes de consommation et le commerce en ligne ont laiss\u00e9 de nombreuses devantures vides et durablement vacantes. Si la gentrification a fa\u00e7onn\u00e9 le Mile-End d&rsquo;aujourd&rsquo;hui, elle n&rsquo;a pas \u00e9touff\u00e9 l&rsquo;esprit de la communaut\u00e9 qui reste tr\u00e8s pr\u00e9sente dans le quartier (liens ressources). Alors que de nombreuses petites entreprises ont disparu, de nouvelles ont \u00e9merg\u00e9, refl\u00e9tant la diversit\u00e9 et la cr\u00e9ativit\u00e9 qui font la richesse de ce quartier et les tensions ont \u00e9galement stimul\u00e9 le dialogue et la mobilisation communautaire. Le Mile-End est un exemple de ce qui se passe dans de nombreuses villes du monde entier. Les quartiers sont en \u00e9volution constante et refl\u00e8tent les luttes entre le pass\u00e9 et l&rsquo;avenir, entre la tradition et le changement. Alors que les promoteurs immobiliers sp\u00e9culent et que de nouveaux r\u00e9sidents affluent, le quartier continue de se r\u00e9inventer, la question qui demeure est de savoir comment. 1. Cartographie des locaux vacants dans le Mile-End r\u00e9alis\u00e9 \u00e0 partir d&rsquo;observation dans le quartier et \u00e0 partir du site de la ville de Montr\u00e9al vuesurlesdonnees.montreal.ca Les localisations ont \u00e9t\u00e9 mises \u00e0 jour au d\u00e9but de l&rsquo;\u00e9t\u00e9 2023. 2. R\u00e9partition des locaux commerciaux par usages &#8211; ville de Montr\u00e9al, vuesurlesdonnees.montreal.ca Le nombre de locaux vacants dans le Mile-End s&rsquo;\u00e9levait \u00e0 174 au 8 novembre 2022. 3. Sous-cat\u00e9gories d&rsquo;usages des locaux commerciauxville de Montr\u00e9al vuesurlesdonnees.montreal.ca (8 novembre 2022).<\/p>\n","protected":false},"author":1,"featured_media":0,"parent":0,"menu_order":0,"comment_status":"closed","ping_status":"closed","template":"","meta":{"footnotes":""},"class_list":["post-401","page","type-page","status-publish","hentry"],"_links":{"self":[{"href":"https:\/\/locaux-vacants.org\/index.php?rest_route=\/wp\/v2\/pages\/401","targetHints":{"allow":["GET"]}}],"collection":[{"href":"https:\/\/locaux-vacants.org\/index.php?rest_route=\/wp\/v2\/pages"}],"about":[{"href":"https:\/\/locaux-vacants.org\/index.php?rest_route=\/wp\/v2\/types\/page"}],"author":[{"embeddable":true,"href":"https:\/\/locaux-vacants.org\/index.php?rest_route=\/wp\/v2\/users\/1"}],"replies":[{"embeddable":true,"href":"https:\/\/locaux-vacants.org\/index.php?rest_route=%2Fwp%2Fv2%2Fcomments&post=401"}],"version-history":[{"count":21,"href":"https:\/\/locaux-vacants.org\/index.php?rest_route=\/wp\/v2\/pages\/401\/revisions"}],"predecessor-version":[{"id":703,"href":"https:\/\/locaux-vacants.org\/index.php?rest_route=\/wp\/v2\/pages\/401\/revisions\/703"}],"wp:attachment":[{"href":"https:\/\/locaux-vacants.org\/index.php?rest_route=%2Fwp%2Fv2%2Fmedia&parent=401"}],"curies":[{"name":"wp","href":"https:\/\/api.w.org\/{rel}","templated":true}]}}