{"id":398,"date":"2022-07-12T16:57:59","date_gmt":"2022-07-12T14:57:59","guid":{"rendered":"https:\/\/locaux-vacants.org\/?page_id=398"},"modified":"2023-10-24T17:28:21","modified_gmt":"2023-10-24T15:28:21","slug":"le-mile-end","status":"publish","type":"page","link":"https:\/\/locaux-vacants.org\/?page_id=398","title":{"rendered":"Le Mile End"},"content":{"rendered":"\n<p>Autrefois connu pour son industrie du v\u00eatement au XIXe et XXe si\u00e8cle, le quartier du Mile-End a vu sa production manufacturi\u00e8re d\u00e9cliner en raison de changements dans les r\u00e9glementations du commerce international \u00e0 la fin des ann\u00e9es 1980. \u00c0 cette \u00e9poque, le quartier abritait une population ouvri\u00e8re qui s\u2019\u00e9tait install\u00e9e dans la r\u00e9gion avant et apr\u00e8s la Seconde Guerre mondiale. Le quartier poss\u00e9dait une richesse culturelle, r\u00e9sultant de la pr\u00e9sence de r\u00e9sidents grecs, portugais, juifs, roumains, polonais, allemands\u2026 ce qui a contribu\u00e9 \u00e0 la r\u00e9putation culturelle du quartier.<\/p>\n\n\n\n<figure class=\"wp-block-image size-large\"><img loading=\"lazy\" decoding=\"async\" width=\"1024\" height=\"663\" src=\"https:\/\/locaux-vacants.org\/wp-content\/uploads\/2017\/06\/Mile-End-Retro-1024x663.png\" alt=\"\" class=\"wp-image-290\" srcset=\"https:\/\/locaux-vacants.org\/wp-content\/uploads\/2017\/06\/Mile-End-Retro-1024x663.png 1024w, https:\/\/locaux-vacants.org\/wp-content\/uploads\/2017\/06\/Mile-End-Retro-300x194.png 300w, https:\/\/locaux-vacants.org\/wp-content\/uploads\/2017\/06\/Mile-End-Retro-768x498.png 768w, https:\/\/locaux-vacants.org\/wp-content\/uploads\/2017\/06\/Mile-End-Retro-830x538.png 830w, https:\/\/locaux-vacants.org\/wp-content\/uploads\/2017\/06\/Mile-End-Retro-600x389.png 600w, https:\/\/locaux-vacants.org\/wp-content\/uploads\/2017\/06\/Mile-End-Retro-695x450.png 695w, https:\/\/locaux-vacants.org\/wp-content\/uploads\/2017\/06\/Mile-End-Retro.png 1281w\" sizes=\"auto, (max-width: 1024px) 100vw, 1024px\" \/><\/figure>\n\n\n\n<p>Le Mile-End a connu ensuite une gentrification qui s\u2019est \u00e9tendue sur plus de 25 ans. Lorsque les nombreuses usines de v\u00eatements ont ferm\u00e9 dans les ann\u00e9es 1990, les b\u00e2timents industriels ont \u00e9t\u00e9 reconvertis en espaces commerciaux et r\u00e9sidentiels. La faillite de l\u2019industrie du v\u00eatement a entra\u00een\u00e9 un d\u00e9sinvestissement \u00e9conomique massif, provoquant une baisse du prix de l\u2019immobilier. Attir\u00e9s par les nombreux espaces d\u2019ateliers abordables, les artistes ont commenc\u00e9 \u00e0 s\u2019installer dans le quartier, contribuant \u00e0 l\u2019\u00e9mergence du Mile-End en tant que p\u00f4le artistique et culturel.<\/p>\n\n\n\n<p>Ces derni\u00e8res ann\u00e9es, des plans de r\u00e9investissement \u00e9conomique ont \u00e9t\u00e9 mis en place, incitant les entreprises technologiques telle qu\u2019Ubisoft \u00e0 s\u2019installer dans le quartier. Cette nouvelle dynamique a entra\u00een\u00e9 une augmentation du nombre de commerces, des lieux de divertissements et des condos r\u00e9sidentiels. En quelques d\u00e9cennies, le Mile-End est pass\u00e9 d\u2019un quartier ouvrier \u00e0 un centre artistique et culturel international pour finalement devenir un hub technologique. Ces changements ont entra\u00een\u00e9 une hausse consid\u00e9rable des loyers et ont \u00e9t\u00e9 d\u00e9vastateurs pour la diversit\u00e9 culturelle en chassant les r\u00e9sidents de longue date.<\/p>\n\n\n\n<p>La gentrification du Mile-End ne peut \u00eatre dissoci\u00e9 de l\u2019histoire de l\u2019effondrement de l\u2019industrie du v\u00eatement et de l\u2019essor de l\u2019industrie technologique. Elle a \u00e9galement entra\u00een\u00e9 des changements dans la composition sociale du quartier. Depuis une dizaine d\u2019ann\u00e9es&nbsp;<em>de&nbsp;<\/em>nombreux commerces de proximit\u00e9 qui contribuent \u00e0 la vie de quartier disparaissent peu \u00e0 peu des grandes art\u00e8res commerciales et sont l<em>aiss\u00e9s vacants.<\/em>&nbsp;L\u2019intervention artistique <em>Locaux-vacants<\/em> cherche \u00e0 provoquer une r\u00e9flexion sur cette probl\u00e9matique et le site Internet locaux-vacants.org tente d\u2019identifier quelles en sont les causes.<\/p>\n\n\n\n<p>R\u00e9f\u00e9rence et image : <a href=\"https:\/\/coeurdelile.org\/en\">https:\/\/coeurdelile.org\/en<\/a><\/p>\n","protected":false},"excerpt":{"rendered":"<p>Autrefois connu pour son industrie du v\u00eatement au XIXe et XXe si\u00e8cle, le quartier du Mile-End a vu sa production manufacturi\u00e8re d\u00e9cliner en raison de changements dans les r\u00e9glementations du commerce international \u00e0 la fin des ann\u00e9es 1980. \u00c0 cette \u00e9poque, le quartier abritait une population ouvri\u00e8re qui s\u2019\u00e9tait install\u00e9e dans la r\u00e9gion avant et apr\u00e8s la Seconde Guerre mondiale. Le quartier poss\u00e9dait une richesse culturelle, r\u00e9sultant de la pr\u00e9sence de r\u00e9sidents grecs, portugais, juifs, roumains, polonais, allemands\u2026 ce qui a contribu\u00e9 \u00e0 la r\u00e9putation culturelle du quartier. Le Mile-End a connu ensuite une gentrification qui s\u2019est \u00e9tendue sur plus de 25 ans. Lorsque les nombreuses usines de v\u00eatements ont ferm\u00e9 dans les ann\u00e9es 1990, les b\u00e2timents industriels ont \u00e9t\u00e9 reconvertis en espaces commerciaux et r\u00e9sidentiels. La faillite de l\u2019industrie du v\u00eatement a entra\u00een\u00e9 un d\u00e9sinvestissement \u00e9conomique massif, provoquant une baisse du prix de l\u2019immobilier. Attir\u00e9s par les nombreux espaces d\u2019ateliers abordables, les artistes ont commenc\u00e9 \u00e0 s\u2019installer dans le quartier, contribuant \u00e0 l\u2019\u00e9mergence du Mile-End en tant que p\u00f4le artistique et culturel. Ces derni\u00e8res ann\u00e9es, des plans de r\u00e9investissement \u00e9conomique ont \u00e9t\u00e9 mis en place, incitant les entreprises technologiques telle qu\u2019Ubisoft \u00e0 s\u2019installer dans le quartier. Cette nouvelle dynamique a entra\u00een\u00e9 une augmentation du nombre de commerces, des lieux de divertissements et des condos r\u00e9sidentiels. En quelques d\u00e9cennies, le Mile-End est pass\u00e9 d\u2019un quartier ouvrier \u00e0 un centre artistique et culturel international pour finalement devenir un hub technologique. Ces changements ont entra\u00een\u00e9 une hausse consid\u00e9rable des loyers et ont \u00e9t\u00e9 d\u00e9vastateurs pour la diversit\u00e9 culturelle en chassant les r\u00e9sidents de longue date. La gentrification du Mile-End ne peut \u00eatre dissoci\u00e9 de l\u2019histoire de l\u2019effondrement de l\u2019industrie du v\u00eatement et de l\u2019essor de l\u2019industrie technologique. Elle a \u00e9galement entra\u00een\u00e9 des changements dans la composition sociale du quartier. Depuis une dizaine d\u2019ann\u00e9es&nbsp;de&nbsp;nombreux commerces de proximit\u00e9 qui contribuent \u00e0 la vie de quartier disparaissent peu \u00e0 peu des grandes art\u00e8res commerciales et sont laiss\u00e9s vacants.&nbsp;L\u2019intervention artistique Locaux-vacants cherche \u00e0 provoquer une r\u00e9flexion sur cette probl\u00e9matique et le site Internet locaux-vacants.org tente d\u2019identifier quelles en sont les causes. R\u00e9f\u00e9rence et image : https:\/\/coeurdelile.org\/en<\/p>\n","protected":false},"author":1,"featured_media":0,"parent":0,"menu_order":0,"comment_status":"closed","ping_status":"closed","template":"","meta":{"footnotes":""},"class_list":["post-398","page","type-page","status-publish","hentry"],"_links":{"self":[{"href":"https:\/\/locaux-vacants.org\/index.php?rest_route=\/wp\/v2\/pages\/398","targetHints":{"allow":["GET"]}}],"collection":[{"href":"https:\/\/locaux-vacants.org\/index.php?rest_route=\/wp\/v2\/pages"}],"about":[{"href":"https:\/\/locaux-vacants.org\/index.php?rest_route=\/wp\/v2\/types\/page"}],"author":[{"embeddable":true,"href":"https:\/\/locaux-vacants.org\/index.php?rest_route=\/wp\/v2\/users\/1"}],"replies":[{"embeddable":true,"href":"https:\/\/locaux-vacants.org\/index.php?rest_route=%2Fwp%2Fv2%2Fcomments&post=398"}],"version-history":[{"count":14,"href":"https:\/\/locaux-vacants.org\/index.php?rest_route=\/wp\/v2\/pages\/398\/revisions"}],"predecessor-version":[{"id":689,"href":"https:\/\/locaux-vacants.org\/index.php?rest_route=\/wp\/v2\/pages\/398\/revisions\/689"}],"wp:attachment":[{"href":"https:\/\/locaux-vacants.org\/index.php?rest_route=%2Fwp%2Fv2%2Fmedia&parent=398"}],"curies":[{"name":"wp","href":"https:\/\/api.w.org\/{rel}","templated":true}]}}