{"id":2,"date":"2021-04-23T04:32:33","date_gmt":"2021-04-23T02:32:33","guid":{"rendered":"http:\/\/locaux-vacants.org\/?page_id=2"},"modified":"2023-10-26T04:07:01","modified_gmt":"2023-10-26T02:07:01","slug":"page-d-exemple","status":"publish","type":"page","link":"https:\/\/locaux-vacants.org\/?page_id=2","title":{"rendered":"Les affiches"},"content":{"rendered":"\n<p><\/p>\n\n\n\n<blockquote class=\"wp-block-quote is-layout-flow wp-block-quote-is-layout-flow\">\n<p>\u00c0 Montr\u00e9al de nombreux commerces de proximit\u00e9 qui contribuent \u00e0 la vie de quartier disparaissent peu \u00e0 peu des grandes art\u00e8res commerciales et sont laiss\u00e9 vacants.<\/p>\n<\/blockquote>\n\n\n\n<figure class=\"wp-block-image size-large\"><img loading=\"lazy\" decoding=\"async\" width=\"1024\" height=\"654\" src=\"https:\/\/locaux-vacants.org\/wp-content\/uploads\/2023\/10\/Zoom-Tissu-social-1024x654.jpg\" alt=\"\" class=\"wp-image-552\" srcset=\"https:\/\/locaux-vacants.org\/wp-content\/uploads\/2023\/10\/Zoom-Tissu-social-1024x654.jpg 1024w, https:\/\/locaux-vacants.org\/wp-content\/uploads\/2023\/10\/Zoom-Tissu-social-300x192.jpg 300w, https:\/\/locaux-vacants.org\/wp-content\/uploads\/2023\/10\/Zoom-Tissu-social-768x491.jpg 768w, https:\/\/locaux-vacants.org\/wp-content\/uploads\/2023\/10\/Zoom-Tissu-social-1536x982.jpg 1536w, https:\/\/locaux-vacants.org\/wp-content\/uploads\/2023\/10\/Zoom-Tissu-social-830x530.jpg 830w, https:\/\/locaux-vacants.org\/wp-content\/uploads\/2023\/10\/Zoom-Tissu-social-600x383.jpg 600w, https:\/\/locaux-vacants.org\/wp-content\/uploads\/2023\/10\/Zoom-Tissu-social-704x450.jpg 704w, https:\/\/locaux-vacants.org\/wp-content\/uploads\/2023\/10\/Zoom-Tissu-social.jpg 1920w\" sizes=\"auto, (max-width: 1024px) 100vw, 1024px\" \/><\/figure>\n\n\n<\/p>\n\n\n<p class=\"has-medium-font-size\">Un tissu social<\/p>\n\n\n\n<p>Ce ph\u00e9nom\u00e8ne touche de plus en plus de villes \u00e0 travers le monde, New York, Paris et Londres ont d\u00e9j\u00e0 commenc\u00e9 \u00e0 prendre des mesures pour endiguer ce ph\u00e9nom\u00e8ne. Ces commerces de quartier ferment d\u00e9finitivement, mais leurs activit\u00e9s pass\u00e9es laissent des traces sur Internet qui sont toujours visibles . Il est possible de les retrouver avec des outils d\u2019investigation num\u00e9rique. l\u2019ensemble de ces donn\u00e9es concernent leurs interactions avec des acteurs locaux (entreprises, particuliers, institutions\u2026). Ces liens sont toujours archiv\u00e9s dans les r\u00e9seaux sociaux et ils t\u00e9moignent des vestiges d\u2019une activit\u00e9 autrefois foisonnante. Ils tissent des trames qui forment un univers m\u00e9taphorique tr\u00e8s riche qui surprend visuellement par leurs ampleurs. Ces trames, qui sont le reflet num\u00e9rique d&rsquo;interaction r\u00e9elle, et elles permettent de prendre conscience de l\u2019importance de la place qu\u2019occupent ces petits commerces dans le quartier du Mile End.<\/p>\n\n\n\n<p>Ce tissu social cartographie les liens d\u2019affinit\u00e9 d\u2019une douzaine de commer\u00e7ants qui ont d\u00e9finitivement ferm\u00e9 dans le Mile-End dont la p\u00e2tisserie Chez De Gaulle, Le Cagibi, La Soci\u00e9t\u00e9 textile, le restaurant Herman, etc. Il se compose de 157 224 liens unissant 10 778 organismes, entreprises, commer\u00e7ants, artisans, particuliers, artistes, etc. Il prend la forme de structure en r\u00e9seau nodale organis\u00e9e en fonction des interactions observ\u00e9es entre les acteurs dans les r\u00e9seaux sociaux : la fr\u00e9quence des publications, le nombre de fois o\u00f9 un commerce est mentionn\u00e9 par les autres, le nombre de \u00ab&nbsp;Like&nbsp;\u00bb\u2026 Des algorithmes scientifiques de visualisation de donn\u00e9es permettent ensuite de r\u00e9v\u00e9ler des motifs autrement cach\u00e9s : les organismes les plus importants, avec le plus de connexions, sont noy\u00e9s au milieu de la structure, tandis qu\u2019en p\u00e9riph\u00e9rie des motifs rassemblent les acteurs les moins connect\u00e9s, leur donnant ainsi davantage de visibilit\u00e9. Les liens tissent ensuite des trames qui cr\u00e9ent une chronique visuelle et narrative. Ce travail d\u2019investigation artistique contribue \u00e0 cartographier un terrain social sans pour autant dessiner un territoire g\u00e9ographique.<\/p>\n\n\n<\/p>\n\n\n<figure class=\"wp-block-image size-large\"><img loading=\"lazy\" decoding=\"async\" width=\"1024\" height=\"576\" src=\"https:\/\/locaux-vacants.org\/wp-content\/uploads\/2023\/10\/Zoom-Network-1-1024x576.jpg\" alt=\"\" class=\"wp-image-584\" srcset=\"https:\/\/locaux-vacants.org\/wp-content\/uploads\/2023\/10\/Zoom-Network-1-1024x576.jpg 1024w, https:\/\/locaux-vacants.org\/wp-content\/uploads\/2023\/10\/Zoom-Network-1-300x169.jpg 300w, https:\/\/locaux-vacants.org\/wp-content\/uploads\/2023\/10\/Zoom-Network-1-768x432.jpg 768w, https:\/\/locaux-vacants.org\/wp-content\/uploads\/2023\/10\/Zoom-Network-1-1536x864.jpg 1536w, https:\/\/locaux-vacants.org\/wp-content\/uploads\/2023\/10\/Zoom-Network-1-2048x1152.jpg 2048w, https:\/\/locaux-vacants.org\/wp-content\/uploads\/2023\/10\/Zoom-Network-1-830x467.jpg 830w, https:\/\/locaux-vacants.org\/wp-content\/uploads\/2023\/10\/Zoom-Network-1-600x337.jpg 600w, https:\/\/locaux-vacants.org\/wp-content\/uploads\/2023\/10\/Zoom-Network-1-800x450.jpg 800w\" sizes=\"auto, (max-width: 1024px) 100vw, 1024px\" \/><\/figure>\n\n\n<\/p>\n\n\n<figure class=\"wp-block-gallery has-nested-images columns-default is-cropped wp-block-gallery-1 is-layout-flex wp-block-gallery-is-layout-flex\">\n<figure class=\"wp-block-image size-large\"><img loading=\"lazy\" decoding=\"async\" width=\"623\" height=\"1024\" data-id=\"556\" src=\"https:\/\/locaux-vacants.org\/wp-content\/uploads\/2023\/10\/Network-623x1024.jpg\" alt=\"\" class=\"wp-image-556\" srcset=\"https:\/\/locaux-vacants.org\/wp-content\/uploads\/2023\/10\/Network-623x1024.jpg 623w, https:\/\/locaux-vacants.org\/wp-content\/uploads\/2023\/10\/Network-183x300.jpg 183w, https:\/\/locaux-vacants.org\/wp-content\/uploads\/2023\/10\/Network-768x1261.jpg 768w, https:\/\/locaux-vacants.org\/wp-content\/uploads\/2023\/10\/Network-935x1536.jpg 935w, https:\/\/locaux-vacants.org\/wp-content\/uploads\/2023\/10\/Network-830x1363.jpg 830w, https:\/\/locaux-vacants.org\/wp-content\/uploads\/2023\/10\/Network-600x985.jpg 600w, https:\/\/locaux-vacants.org\/wp-content\/uploads\/2023\/10\/Network-274x450.jpg 274w, https:\/\/locaux-vacants.org\/wp-content\/uploads\/2023\/10\/Network.jpg 1169w\" sizes=\"auto, (max-width: 623px) 100vw, 623px\" \/><\/figure>\n\n\n\n<figure class=\"wp-block-image size-large\"><img loading=\"lazy\" decoding=\"async\" width=\"1024\" height=\"576\" data-id=\"554\" src=\"https:\/\/locaux-vacants.org\/wp-content\/uploads\/2023\/10\/Tissu-social-01-1024x576.jpg\" alt=\"\" class=\"wp-image-554\" srcset=\"https:\/\/locaux-vacants.org\/wp-content\/uploads\/2023\/10\/Tissu-social-01-1024x576.jpg 1024w, https:\/\/locaux-vacants.org\/wp-content\/uploads\/2023\/10\/Tissu-social-01-300x169.jpg 300w, https:\/\/locaux-vacants.org\/wp-content\/uploads\/2023\/10\/Tissu-social-01-768x432.jpg 768w, https:\/\/locaux-vacants.org\/wp-content\/uploads\/2023\/10\/Tissu-social-01-1536x864.jpg 1536w, https:\/\/locaux-vacants.org\/wp-content\/uploads\/2023\/10\/Tissu-social-01-2048x1152.jpg 2048w, https:\/\/locaux-vacants.org\/wp-content\/uploads\/2023\/10\/Tissu-social-01-830x467.jpg 830w, https:\/\/locaux-vacants.org\/wp-content\/uploads\/2023\/10\/Tissu-social-01-600x337.jpg 600w, https:\/\/locaux-vacants.org\/wp-content\/uploads\/2023\/10\/Tissu-social-01-800x450.jpg 800w\" sizes=\"auto, (max-width: 1024px) 100vw, 1024px\" \/><\/figure>\n\n\n\n<figure class=\"wp-block-image size-large\"><img loading=\"lazy\" decoding=\"async\" width=\"1024\" height=\"576\" data-id=\"555\" src=\"https:\/\/locaux-vacants.org\/wp-content\/uploads\/2023\/10\/Tissu-social-02-1024x576.jpg\" alt=\"\" class=\"wp-image-555\" srcset=\"https:\/\/locaux-vacants.org\/wp-content\/uploads\/2023\/10\/Tissu-social-02-1024x576.jpg 1024w, https:\/\/locaux-vacants.org\/wp-content\/uploads\/2023\/10\/Tissu-social-02-300x169.jpg 300w, https:\/\/locaux-vacants.org\/wp-content\/uploads\/2023\/10\/Tissu-social-02-768x432.jpg 768w, https:\/\/locaux-vacants.org\/wp-content\/uploads\/2023\/10\/Tissu-social-02-1536x864.jpg 1536w, https:\/\/locaux-vacants.org\/wp-content\/uploads\/2023\/10\/Tissu-social-02-2048x1152.jpg 2048w, https:\/\/locaux-vacants.org\/wp-content\/uploads\/2023\/10\/Tissu-social-02-830x467.jpg 830w, https:\/\/locaux-vacants.org\/wp-content\/uploads\/2023\/10\/Tissu-social-02-600x337.jpg 600w, https:\/\/locaux-vacants.org\/wp-content\/uploads\/2023\/10\/Tissu-social-02-800x450.jpg 800w\" sizes=\"auto, (max-width: 1024px) 100vw, 1024px\" \/><\/figure>\n<\/figure>\n\n\n<\/p>\n\n\n<p class=\"has-medium-font-size\">Les r\u00e9seaux sociaux<\/p>\n\n\n\n<blockquote class=\"wp-block-quote is-layout-flow wp-block-quote-is-layout-flow\">\n<p>Dans les r\u00e9seaux sociaux, nos donn\u00e9es personnelles incluent maintenant des informations sur nos interactions sociales et engagent des tiers comme la famille, les amis ou les coll\u00e8gues. \u00ab Notre vie est encastr\u00e9e dans un tissu social, et il n\u2019y a aujourd\u2019hui rien de plus collectif qu\u2019une donn\u00e9e personnelle \u00bb (Casilli &amp; Tubaro, 2018).<\/p>\n<\/blockquote>\n\n\n\n<p>Cette affiche ci dessous regroupe les nombreuses discussions et r\u00e9flexion dans les r\u00e9seaux sociaux sur le sujet des locaux vacants dans le quartier du Mile-End. <\/p>\n\n\n\n<figure class=\"wp-block-image size-large\"><img loading=\"lazy\" decoding=\"async\" width=\"1024\" height=\"805\" src=\"https:\/\/locaux-vacants.org\/wp-content\/uploads\/2023\/10\/Discussions-Facebook-1024x805.jpg\" alt=\"\" class=\"wp-image-569\" srcset=\"https:\/\/locaux-vacants.org\/wp-content\/uploads\/2023\/10\/Discussions-Facebook-1024x805.jpg 1024w, https:\/\/locaux-vacants.org\/wp-content\/uploads\/2023\/10\/Discussions-Facebook-300x236.jpg 300w, https:\/\/locaux-vacants.org\/wp-content\/uploads\/2023\/10\/Discussions-Facebook-768x604.jpg 768w, https:\/\/locaux-vacants.org\/wp-content\/uploads\/2023\/10\/Discussions-Facebook-1536x1207.jpg 1536w, https:\/\/locaux-vacants.org\/wp-content\/uploads\/2023\/10\/Discussions-Facebook-830x652.jpg 830w, https:\/\/locaux-vacants.org\/wp-content\/uploads\/2023\/10\/Discussions-Facebook-600x472.jpg 600w, https:\/\/locaux-vacants.org\/wp-content\/uploads\/2023\/10\/Discussions-Facebook-573x450.jpg 573w, https:\/\/locaux-vacants.org\/wp-content\/uploads\/2023\/10\/Discussions-Facebook.jpg 1920w\" sizes=\"auto, (max-width: 1024px) 100vw, 1024px\" \/><\/figure>\n\n\n<\/p>\n\n\n<p class=\"has-medium-font-size\">Les articles de presse<\/p>\n\n\n\n<p>En 10 ans plus d&rsquo;une centaine d&rsquo;articles de presse ont \u00e9t\u00e9 \u00e9crits sur le sujet dans <em>La Presse<\/em>, Le Devoir, Montr\u00e9al Gazette, Radio Canada&#8230; l&rsquo;affiche ci dessous regroupe la s\u00e9lection d&rsquo;une cinquantaine des ces articles.  <\/p>\n\n\n\n<figure class=\"wp-block-image size-large\"><img loading=\"lazy\" decoding=\"async\" width=\"1024\" height=\"649\" src=\"https:\/\/locaux-vacants.org\/wp-content\/uploads\/2023\/10\/Affiche-Presse-1024x649.jpg\" alt=\"\" class=\"wp-image-566\" srcset=\"https:\/\/locaux-vacants.org\/wp-content\/uploads\/2023\/10\/Affiche-Presse-1024x649.jpg 1024w, https:\/\/locaux-vacants.org\/wp-content\/uploads\/2023\/10\/Affiche-Presse-300x190.jpg 300w, https:\/\/locaux-vacants.org\/wp-content\/uploads\/2023\/10\/Affiche-Presse-768x486.jpg 768w, https:\/\/locaux-vacants.org\/wp-content\/uploads\/2023\/10\/Affiche-Presse-1536x973.jpg 1536w, https:\/\/locaux-vacants.org\/wp-content\/uploads\/2023\/10\/Affiche-Presse-830x526.jpg 830w, https:\/\/locaux-vacants.org\/wp-content\/uploads\/2023\/10\/Affiche-Presse-600x380.jpg 600w, https:\/\/locaux-vacants.org\/wp-content\/uploads\/2023\/10\/Affiche-Presse-711x450.jpg 711w, https:\/\/locaux-vacants.org\/wp-content\/uploads\/2023\/10\/Affiche-Presse.jpg 1920w\" sizes=\"auto, (max-width: 1024px) 100vw, 1024px\" \/><\/figure>\n\n\n<\/p>\n\n\n<p class=\"has-medium-font-size\">Les avis dans Google Map<\/p>\n\n\n\n<blockquote class=\"wp-block-quote is-layout-flow wp-block-quote-is-layout-flow\">\n<p>\u00ab\u00a0Ruining our city by pricing out small businesses and killing the culture. Owning buildings shouldn\u2019t be a for-profit venture.\u00a0\u00bb<\/p>\n<\/blockquote>\n\n\n\n<p>\u00ab\u00a0Reviews\u00a0\u00bb publique dans Google map sur l&rsquo;entreprise Shiller Lavy<\/p>\n\n\n\n<figure class=\"wp-block-image size-large\"><img loading=\"lazy\" decoding=\"async\" width=\"1024\" height=\"751\" src=\"https:\/\/locaux-vacants.org\/wp-content\/uploads\/2023\/10\/Reviews-Google-Affiche-1024x751.jpg\" alt=\"\" class=\"wp-image-570\" srcset=\"https:\/\/locaux-vacants.org\/wp-content\/uploads\/2023\/10\/Reviews-Google-Affiche-1024x751.jpg 1024w, https:\/\/locaux-vacants.org\/wp-content\/uploads\/2023\/10\/Reviews-Google-Affiche-300x220.jpg 300w, https:\/\/locaux-vacants.org\/wp-content\/uploads\/2023\/10\/Reviews-Google-Affiche-768x564.jpg 768w, https:\/\/locaux-vacants.org\/wp-content\/uploads\/2023\/10\/Reviews-Google-Affiche-1536x1127.jpg 1536w, https:\/\/locaux-vacants.org\/wp-content\/uploads\/2023\/10\/Reviews-Google-Affiche-830x609.jpg 830w, https:\/\/locaux-vacants.org\/wp-content\/uploads\/2023\/10\/Reviews-Google-Affiche-600x440.jpg 600w, https:\/\/locaux-vacants.org\/wp-content\/uploads\/2023\/10\/Reviews-Google-Affiche-613x450.jpg 613w, https:\/\/locaux-vacants.org\/wp-content\/uploads\/2023\/10\/Reviews-Google-Affiche.jpg 1920w\" sizes=\"auto, (max-width: 1024px) 100vw, 1024px\" \/><\/figure>\n\n\n<\/p>\n\n\n<figure class=\"wp-block-image size-large\"><img loading=\"lazy\" decoding=\"async\" width=\"1024\" height=\"688\" src=\"https:\/\/locaux-vacants.org\/wp-content\/uploads\/2023\/10\/Reviews-Google-Trash-1024x688.jpg\" alt=\"\" class=\"wp-image-571\" srcset=\"https:\/\/locaux-vacants.org\/wp-content\/uploads\/2023\/10\/Reviews-Google-Trash-1024x688.jpg 1024w, https:\/\/locaux-vacants.org\/wp-content\/uploads\/2023\/10\/Reviews-Google-Trash-300x202.jpg 300w, https:\/\/locaux-vacants.org\/wp-content\/uploads\/2023\/10\/Reviews-Google-Trash-768x516.jpg 768w, https:\/\/locaux-vacants.org\/wp-content\/uploads\/2023\/10\/Reviews-Google-Trash-1536x1032.jpg 1536w, https:\/\/locaux-vacants.org\/wp-content\/uploads\/2023\/10\/Reviews-Google-Trash-830x558.jpg 830w, https:\/\/locaux-vacants.org\/wp-content\/uploads\/2023\/10\/Reviews-Google-Trash-600x403.jpg 600w, https:\/\/locaux-vacants.org\/wp-content\/uploads\/2023\/10\/Reviews-Google-Trash-670x450.jpg 670w, https:\/\/locaux-vacants.org\/wp-content\/uploads\/2023\/10\/Reviews-Google-Trash.jpg 1920w\" sizes=\"auto, (max-width: 1024px) 100vw, 1024px\" \/><\/figure>\n\n\n<\/p>\n\n\n<p class=\"has-medium-font-size\">Photographies collect\u00e9es sur Internet<\/p>\n\n\n\n<p>Mosa\u00efque d&rsquo;un ensemble de photographies de locaux laiss\u00e9s vacants \u00e0 Montr\u00e9al collect\u00e9es sur Internet et publi\u00e9s par des membres du groupe Facebook <em><a href=\"https:\/\/www.facebook.com\/groups\/mileendensemble\/members\">Mile End Ensemble<\/a><\/em><\/p>\n\n\n\n<figure class=\"wp-block-image size-large\"><img loading=\"lazy\" decoding=\"async\" width=\"1024\" height=\"773\" src=\"https:\/\/locaux-vacants.org\/wp-content\/uploads\/2023\/10\/Affiche-Mozaique-1024x773.jpg\" alt=\"\" class=\"wp-image-572\" srcset=\"https:\/\/locaux-vacants.org\/wp-content\/uploads\/2023\/10\/Affiche-Mozaique-1024x773.jpg 1024w, https:\/\/locaux-vacants.org\/wp-content\/uploads\/2023\/10\/Affiche-Mozaique-300x226.jpg 300w, https:\/\/locaux-vacants.org\/wp-content\/uploads\/2023\/10\/Affiche-Mozaique-768x580.jpg 768w, https:\/\/locaux-vacants.org\/wp-content\/uploads\/2023\/10\/Affiche-Mozaique-1536x1159.jpg 1536w, https:\/\/locaux-vacants.org\/wp-content\/uploads\/2023\/10\/Affiche-Mozaique-830x626.jpg 830w, https:\/\/locaux-vacants.org\/wp-content\/uploads\/2023\/10\/Affiche-Mozaique-600x453.jpg 600w, https:\/\/locaux-vacants.org\/wp-content\/uploads\/2023\/10\/Affiche-Mozaique-596x450.jpg 596w, https:\/\/locaux-vacants.org\/wp-content\/uploads\/2023\/10\/Affiche-Mozaique.jpg 1920w\" sizes=\"auto, (max-width: 1024px) 100vw, 1024px\" \/><\/figure>\n","protected":false},"excerpt":{"rendered":"<p>\u00c0 Montr\u00e9al de nombreux commerces de proximit\u00e9 qui contribuent \u00e0 la vie de quartier disparaissent peu \u00e0 peu des grandes art\u00e8res commerciales et sont laiss\u00e9 vacants. Un tissu social Ce ph\u00e9nom\u00e8ne touche de plus en plus de villes \u00e0 travers le monde, New York, Paris et Londres ont d\u00e9j\u00e0 commenc\u00e9 \u00e0 prendre des mesures pour endiguer ce ph\u00e9nom\u00e8ne. Ces commerces de quartier ferment d\u00e9finitivement, mais leurs activit\u00e9s pass\u00e9es laissent des traces sur Internet qui sont toujours visibles . Il est possible de les retrouver avec des outils d\u2019investigation num\u00e9rique. l\u2019ensemble de ces donn\u00e9es concernent leurs interactions avec des acteurs locaux (entreprises, particuliers, institutions\u2026). Ces liens sont toujours archiv\u00e9s dans les r\u00e9seaux sociaux et ils t\u00e9moignent des vestiges d\u2019une activit\u00e9 autrefois foisonnante. Ils tissent des trames qui forment un univers m\u00e9taphorique tr\u00e8s riche qui surprend visuellement par leurs ampleurs. Ces trames, qui sont le reflet num\u00e9rique d&rsquo;interaction r\u00e9elle, et elles permettent de prendre conscience de l\u2019importance de la place qu\u2019occupent ces petits commerces dans le quartier du Mile End. Ce tissu social cartographie les liens d\u2019affinit\u00e9 d\u2019une douzaine de commer\u00e7ants qui ont d\u00e9finitivement ferm\u00e9 dans le Mile-End dont la p\u00e2tisserie Chez De Gaulle, Le Cagibi, La Soci\u00e9t\u00e9 textile, le restaurant Herman, etc. Il se compose de 157 224 liens unissant 10 778 organismes, entreprises, commer\u00e7ants, artisans, particuliers, artistes, etc. Il prend la forme de structure en r\u00e9seau nodale organis\u00e9e en fonction des interactions observ\u00e9es entre les acteurs dans les r\u00e9seaux sociaux : la fr\u00e9quence des publications, le nombre de fois o\u00f9 un commerce est mentionn\u00e9 par les autres, le nombre de \u00ab&nbsp;Like&nbsp;\u00bb\u2026 Des algorithmes scientifiques de visualisation de donn\u00e9es permettent ensuite de r\u00e9v\u00e9ler des motifs autrement cach\u00e9s : les organismes les plus importants, avec le plus de connexions, sont noy\u00e9s au milieu de la structure, tandis qu\u2019en p\u00e9riph\u00e9rie des motifs rassemblent les acteurs les moins connect\u00e9s, leur donnant ainsi davantage de visibilit\u00e9. Les liens tissent ensuite des trames qui cr\u00e9ent une chronique visuelle et narrative. Ce travail d\u2019investigation artistique contribue \u00e0 cartographier un terrain social sans pour autant dessiner un territoire g\u00e9ographique. Les r\u00e9seaux sociaux Dans les r\u00e9seaux sociaux, nos donn\u00e9es personnelles incluent maintenant des informations sur nos interactions sociales et engagent des tiers comme la famille, les amis ou les coll\u00e8gues. \u00ab Notre vie est encastr\u00e9e dans un tissu social, et il n\u2019y a aujourd\u2019hui rien de plus collectif qu\u2019une donn\u00e9e personnelle \u00bb (Casilli &amp; Tubaro, 2018). Cette affiche ci dessous regroupe les nombreuses discussions et r\u00e9flexion dans les r\u00e9seaux sociaux sur le sujet des locaux vacants dans le quartier du Mile-End. Les articles de presse En 10 ans plus d&rsquo;une centaine d&rsquo;articles de presse ont \u00e9t\u00e9 \u00e9crits sur le sujet dans La Presse, Le Devoir, Montr\u00e9al Gazette, Radio Canada&#8230; l&rsquo;affiche ci dessous regroupe la s\u00e9lection d&rsquo;une cinquantaine des ces articles. Les avis dans Google Map \u00ab\u00a0Ruining our city by pricing out small businesses and killing the culture. Owning buildings shouldn\u2019t be a for-profit venture.\u00a0\u00bb \u00ab\u00a0Reviews\u00a0\u00bb publique dans Google map sur l&rsquo;entreprise Shiller Lavy Photographies collect\u00e9es sur Internet Mosa\u00efque d&rsquo;un ensemble de photographies de locaux laiss\u00e9s vacants \u00e0 Montr\u00e9al collect\u00e9es sur Internet et publi\u00e9s par des membres du groupe Facebook Mile End Ensemble<\/p>\n","protected":false},"author":1,"featured_media":0,"parent":0,"menu_order":0,"comment_status":"closed","ping_status":"open","template":"","meta":{"footnotes":""},"class_list":["post-2","page","type-page","status-publish","hentry"],"_links":{"self":[{"href":"https:\/\/locaux-vacants.org\/index.php?rest_route=\/wp\/v2\/pages\/2","targetHints":{"allow":["GET"]}}],"collection":[{"href":"https:\/\/locaux-vacants.org\/index.php?rest_route=\/wp\/v2\/pages"}],"about":[{"href":"https:\/\/locaux-vacants.org\/index.php?rest_route=\/wp\/v2\/types\/page"}],"author":[{"embeddable":true,"href":"https:\/\/locaux-vacants.org\/index.php?rest_route=\/wp\/v2\/users\/1"}],"replies":[{"embeddable":true,"href":"https:\/\/locaux-vacants.org\/index.php?rest_route=%2Fwp%2Fv2%2Fcomments&post=2"}],"version-history":[{"count":47,"href":"https:\/\/locaux-vacants.org\/index.php?rest_route=\/wp\/v2\/pages\/2\/revisions"}],"predecessor-version":[{"id":718,"href":"https:\/\/locaux-vacants.org\/index.php?rest_route=\/wp\/v2\/pages\/2\/revisions\/718"}],"wp:attachment":[{"href":"https:\/\/locaux-vacants.org\/index.php?rest_route=%2Fwp%2Fv2%2Fmedia&parent=2"}],"curies":[{"name":"wp","href":"https:\/\/api.w.org\/{rel}","templated":true}]}}